{"id":570,"date":"2024-07-21T11:04:10","date_gmt":"2024-07-21T17:04:10","guid":{"rendered":"https:\/\/zavtor.com\/?page_id=570"},"modified":"2024-08-16T17:24:39","modified_gmt":"2024-08-16T23:24:39","slug":"contactanos","status":"publish","type":"page","link":"https:\/\/zavtor.com\/?page_id=570","title":{"rendered":"Atenci\u00f3n al cliente"},"content":{"rendered":"\n<h2 class=\"wp-block-heading has-text-color has-link-color wp-elements-cb54226b9ebe3dc60794b9a28ec58553\" style=\"color:#003462\">Atenci\u00f3n al cliente<\/h2>\n\n\n\n<div class=\"wp-block-media-text is-stacked-on-mobile\"><figure class=\"wp-block-media-text__media\"><img loading=\"lazy\" decoding=\"async\" width=\"700\" height=\"467\" src=\"https:\/\/zavtor.com\/wp-content\/uploads\/2024\/08\/zavtor-CAT.jpg\" alt=\"\" class=\"wp-image-841 size-full\" srcset=\"https:\/\/zavtor.com\/wp-content\/uploads\/2024\/08\/zavtor-CAT.jpg 700w, https:\/\/zavtor.com\/wp-content\/uploads\/2024\/08\/zavtor-CAT-300x200.jpg 300w\" sizes=\"auto, (max-width: 700px) 100vw, 700px\" \/><\/figure><div class=\"wp-block-media-text__content\">\n<p class=\"has-text-color has-link-color has-medium-font-size wp-elements-69d52287a63bfb6d1e08f122892ab8ec\" style=\"color:#ba9767\"><strong>Estamos aqu\u00ed para ayudarte<\/strong><\/p>\n\n\n\n<p class=\"has-text-color has-link-color wp-elements-fcf3d27b7b7f00a3ff871cc3d0e4ab11\" style=\"color:#003462\">En ZAVTOR nos interesa mucho la atenci\u00f3n a nuestros clientes. Por esta raz\u00f3n, <strong>no trabajamos con robots<\/strong> y estar\u00e1s hablando con una persona real quien ser\u00e1 encargada de aclarar tus dudas y solucionar tus temas referentes a nuestros servicios.<\/p>\n\n\n\n<p class=\"has-text-color has-link-color wp-elements-ed478bee3f07607c5fe6866bed3f25a3\" style=\"color:#003462\">Para hablar al Centro de Atenci\u00f3n a Clientes, llama a +52 56 6227 9059<br>Disponible de lunes a viernes de 09:00 a 18:00 y s\u00e1bados de 09.00 a 14:00<br><br>email: <a href=\"mailto:info@zavtor.com\">info@zavtor.com<\/a><\/p>\n<\/div><\/div>\n\n\n\n<p><\/p>\n","protected":false},"excerpt":{"rendered":"<p>Atenci\u00f3n al cliente Estamos aqu\u00ed para ayudarte En ZAVTOR nos interesa mucho la atenci\u00f3n a nuestros clientes. Por esta raz\u00f3n, no trabajamos con robots y estar\u00e1s hablando con una persona real quien ser\u00e1 encargada de aclarar tus dudas y solucionar tus temas referentes a nuestros servicios. Para hablar al Centro de Atenci\u00f3n a Clientes, llama [&hellip;]<\/p>\n","protected":false},"author":1,"featured_media":0,"parent":0,"menu_order":0,"comment_status":"closed","ping_status":"closed","template":"","meta":{"_joinchat":[],"footnotes":""},"class_list":["post-570","page","type-page","status-publish","hentry"],"_links":{"self":[{"href":"https:\/\/zavtor.com\/index.php?rest_route=\/wp\/v2\/pages\/570","targetHints":{"allow":["GET"]}}],"collection":[{"href":"https:\/\/zavtor.com\/index.php?rest_route=\/wp\/v2\/pages"}],"about":[{"href":"https:\/\/zavtor.com\/index.php?rest_route=\/wp\/v2\/types\/page"}],"author":[{"embeddable":true,"href":"https:\/\/zavtor.com\/index.php?rest_route=\/wp\/v2\/users\/1"}],"replies":[{"embeddable":true,"href":"https:\/\/zavtor.com\/index.php?rest_route=%2Fwp%2Fv2%2Fcomments&post=570"}],"version-history":[{"count":7,"href":"https:\/\/zavtor.com\/index.php?rest_route=\/wp\/v2\/pages\/570\/revisions"}],"predecessor-version":[{"id":867,"href":"https:\/\/zavtor.com\/index.php?rest_route=\/wp\/v2\/pages\/570\/revisions\/867"}],"wp:attachment":[{"href":"https:\/\/zavtor.com\/index.php?rest_route=%2Fwp%2Fv2%2Fmedia&parent=570"}],"curies":[{"name":"wp","href":"https:\/\/api.w.org\/{rel}","templated":true}]}}